{"id":78,"date":"2025-11-11T21:28:01","date_gmt":"2025-11-11T20:28:01","guid":{"rendered":"https:\/\/scheibentoenung-bremerhaven.de\/?page_id=78"},"modified":"2025-11-12T19:46:55","modified_gmt":"2025-11-12T18:46:55","slug":"vorteile-im-ueberblick","status":"publish","type":"page","link":"https:\/\/scheibentoenung-bremerhaven.de\/?page_id=78","title":{"rendered":"Vorteile im \u00dcberblick"},"content":{"rendered":"\n<p>Scheibent\u00f6nen ist eine Art von optischem Tuning, Jedes Fahrzeug wirkt durch eine Scheibent\u00f6nung h\u00f6herwertiger und sportlicher, aber auch aufger\u00e4umter. Manch ein &#8222;Familientransporter&#8220; kann schon mal sehr unaufger\u00e4umt wirken. Kindersitze in drei Farben, Br\u00f6tchenkr\u00fcmmel der Kleinen, Ikeatasche auf der R\u00fccksitzbank, Getr\u00e4nkekisten im Kofferraum. Sind die Scheiben auch nur leicht get\u00f6nt, gibt es gleich einen ganz anderen Anblick. Fingerabdr\u00fccke und Hundenasen an der Scheibe sind nicht mehr zu sehen. Bei \u00e4lteren Fahrzeugen, die eventuell im Innenraum nicht mehr ganz so ansehnlich sind, wird der Blick auf verschmutzte Polster oder verkratze Kunststoffe kaschiert. Ganz allgemein wird der Innenraum vor einem Verbleichen durch die Sonneneinstrahlung gesch\u00fctzt.<\/p>\n","protected":false},"excerpt":{"rendered":"<p>Scheibent\u00f6nen ist eine Art von optischem Tuning, Jedes Fahrzeug wirkt durch eine Scheibent\u00f6nung h\u00f6herwertiger und sportlicher, aber auch aufger\u00e4umter. Manch ein &#8222;Familientransporter&#8220; kann schon mal sehr unaufger\u00e4umt wirken. Kindersitze in drei Farben, Br\u00f6tchenkr\u00fcmmel der Kleinen, Ikeatasche auf der R\u00fccksitzbank, Getr\u00e4nkekisten im Kofferraum. Sind die Scheiben auch nur leicht get\u00f6nt, gibt es gleich einen ganz anderen [&hellip;]<\/p>\n","protected":false},"author":1,"featured_media":0,"parent":0,"menu_order":0,"comment_status":"closed","ping_status":"closed","template":"","meta":{"footnotes":""},"class_list":["post-78","page","type-page","status-publish","hentry"],"_links":{"self":[{"href":"https:\/\/scheibentoenung-bremerhaven.de\/index.php?rest_route=\/wp\/v2\/pages\/78","targetHints":{"allow":["GET"]}}],"collection":[{"href":"https:\/\/scheibentoenung-bremerhaven.de\/index.php?rest_route=\/wp\/v2\/pages"}],"about":[{"href":"https:\/\/scheibentoenung-bremerhaven.de\/index.php?rest_route=\/wp\/v2\/types\/page"}],"author":[{"embeddable":true,"href":"https:\/\/scheibentoenung-bremerhaven.de\/index.php?rest_route=\/wp\/v2\/users\/1"}],"replies":[{"embeddable":true,"href":"https:\/\/scheibentoenung-bremerhaven.de\/index.php?rest_route=%2Fwp%2Fv2%2Fcomments&post=78"}],"version-history":[{"count":2,"href":"https:\/\/scheibentoenung-bremerhaven.de\/index.php?rest_route=\/wp\/v2\/pages\/78\/revisions"}],"predecessor-version":[{"id":108,"href":"https:\/\/scheibentoenung-bremerhaven.de\/index.php?rest_route=\/wp\/v2\/pages\/78\/revisions\/108"}],"wp:attachment":[{"href":"https:\/\/scheibentoenung-bremerhaven.de\/index.php?rest_route=%2Fwp%2Fv2%2Fmedia&parent=78"}],"curies":[{"name":"wp","href":"https:\/\/api.w.org\/{rel}","templated":true}]}}